{"id":13,"date":"2019-12-30T20:43:39","date_gmt":"2019-12-30T20:43:39","guid":{"rendered":"https:\/\/shop.neuronbest.de\/?post_type=product&#038;p=13"},"modified":"2022-12-01T11:50:06","modified_gmt":"2022-12-01T11:50:06","slug":"neuronbest","status":"publish","type":"product","link":"https:\/\/shop.neuronbest.de\/index.php\/produkt\/neuronbest\/","title":{"rendered":"NeuronBEST Trinkpulver Monatspack 285g"},"content":{"rendered":"<h2 class=\"h2 margin-top-2\">Anwendungsempfehlungen<\/h2>\n<p>NeuronBEST sollte zweimal t\u00e4glich zubereitet werden. Zum Beispiel beim Fr\u00fchst\u00fcck und beim Abendessen.<br \/>\nWenn Sie die Anwendung zu der gewohnten Zeit vergessen haben, trinken Sie es einfach, sobald Sie es bemerken.<\/p>\n<h4 class=\"h3\">Dosierung<\/h4>\n<p>1 Dosierl\u00f6ffel, 2x t\u00e4glich<\/p>\n<h4 class=\"h3\">Zubereitung<\/h4>\n<p>Zur Zubereitung von NeuronBEST geben Sie 2x t\u00e4glich den Inhalt eines Dosierl\u00f6ffels in ein Glas mit 250 ml Wasser (oder Saft) und verr\u00fchren die Mischung.<\/p>\n<h4 class=\"h3\">Unsere Empfehlung<\/h4>\n<p>Wir empfehlen zu der Einnahme von NeuronBEST die Zugabe eines Essl\u00f6ffels 100% kaltgepresstes Kokos\u00f6l.<\/p>\n<h4 class=\"h3\">\u00dcberdosierung, Wechselwirkung<\/h4>\n<p>Es sind keine Nebenwirkungen oder Wechselwirkungen mit anderen Medikamenten bekannt. Auch \u00dcberdosierungserscheinungen sind nicht bekannt. Halten Sie sich bitte an die Verzehrempfehlung und Fragen Sie im Zweifelsfall Ihren Arzt.<\/p>\n","protected":false},"excerpt":{"rendered":"<p>1 Monats Vorrat<br \/>\n285g Trinkpulver im Miron Glas<\/p>\n","protected":false},"featured_media":227,"template":"","meta":[],"product_cat":[20],"product_tag":[17,23,18],"_links":{"self":[{"href":"https:\/\/shop.neuronbest.de\/index.php\/wp-json\/wp\/v2\/product\/13"}],"collection":[{"href":"https:\/\/shop.neuronbest.de\/index.php\/wp-json\/wp\/v2\/product"}],"about":[{"href":"https:\/\/shop.neuronbest.de\/index.php\/wp-json\/wp\/v2\/types\/product"}],"wp:featuredmedia":[{"embeddable":true,"href":"https:\/\/shop.neuronbest.de\/index.php\/wp-json\/wp\/v2\/media\/227"}],"wp:attachment":[{"href":"https:\/\/shop.neuronbest.de\/index.php\/wp-json\/wp\/v2\/media?parent=13"}],"wp:term":[{"taxonomy":"product_cat","embeddable":true,"href":"https:\/\/shop.neuronbest.de\/index.php\/wp-json\/wp\/v2\/product_cat?post=13"},{"taxonomy":"product_tag","embeddable":true,"href":"https:\/\/shop.neuronbest.de\/index.php\/wp-json\/wp\/v2\/product_tag?post=13"}],"curies":[{"name":"wp","href":"https:\/\/api.w.org\/{rel}","templated":true}]}}